{"id":86,"date":"2026-04-21T15:23:38","date_gmt":"2026-04-21T13:23:38","guid":{"rendered":"http:\/\/painver.es\/?page_id=86"},"modified":"2026-04-21T17:43:11","modified_gmt":"2026-04-21T15:43:11","slug":"contacto","status":"publish","type":"page","link":"https:\/\/painver.es\/?page_id=86","title":{"rendered":"Contacto"},"content":{"rendered":"<div>\n<p>        <img decoding=\"async\" src=\"\/wp-content\/uploads\/PolaDeSiero-scaled.jpg\" alt=\"\"><\/p>\n<h1>Contacta con nosotros<\/h1>\n<p>Nuestra Ubicaci\u00f3n<\/p>\n<div>Calle Villanueva, 15 <br \/>33510 Pola de Siero, Asturias\n<\/div>\n<p><a href=\"https:\/\/www.google.com\/maps\/search\/?api=1&#038;query=Calle+Villanueva+15+Pola+de+Siero\">Abrir en Google Maps<\/a><\/p>\n<\/div>\n<div>\n<p>43.3911,-5.6608<\/p>\n<h3>Pe\u00f1a Alonso Inversiones S.L.<\/h3>\n<\/div>\n<h2>\u00bfNecesitas una soluci\u00f3n log\u00edstica?<\/h2>\n<div>Para consultas sobre alquiler de c\u00e1maras frigor\u00edficas o naves industriales, env\u00edanos un correo a <strong>painver.es<\/strong> o ll\u00e1manos directamente.<\/div>\n<p><!--more--><br \/>\n<!-- {\"type\":\"layout\",\"children\":[{\"type\":\"section\",\"props\":{\"divider_height\":\"120\",\"divider_position\":\"top\",\"divider_width\":\"100\",\"image_position\":\"center-center\",\"padding\":\"none\",\"padding_bottom\":\"none\",\"padding_custom_bottom\":\"40\",\"padding_custom_top\":\"40\",\"padding_remove_bottom\":false,\"padding_remove_top\":false,\"padding_top\":\"none\",\"style\":\"default\",\"title_breakpoint\":\"xl\",\"title_position\":\"top-left\",\"title_rotation\":\"left\",\"vertical_align\":\"\",\"width\":\"\"},\"children\":[{\"type\":\"row\",\"props\":{\"column_gap\":\"collapse\",\"margin_bottom\":\"remove\",\"margin_top\":\"remove\",\"row_gap\":\"collapse\"},\"children\":[{\"type\":\"column\",\"props\":{\"image_position\":\"center-center\",\"image_size\":\"cover\",\"image_width\":\"920\",\"padding\":\"xlarge\",\"position_sticky_breakpoint\":\"m\",\"width_small\":\"1-1\"},\"children\":[{\"type\":\"panel\",\"props\":{\"content\":\"Calle Villanueva, 15 <br \/>33510 Pola de Siero, Asturias\\n\",\"content_column_breakpoint\":\"m\",\"content_margin\":\"medium\",\"image\":\"wp-content\/uploads\/PolaDeSiero-scaled.jpg\",\"image_align\":\"left\",\"image_grid_breakpoint\":\"m\",\"image_grid_width\":\"1-2\",\"image_loading\":true,\"image_svg_color\":\"emphasis\",\"image_vertical_align\":true,\"image_width\":\"960\",\"link\":\"https:\/\/www.google.com\/maps\/search\/?api=1&query=Calle+Villanueva+15+Pola+de+Siero\",\"link_margin\":\"medium\",\"link_style\":\"text\",\"link_target\":true,\"link_text\":\"Abrir en Google Maps\",\"margin_bottom\":\"\",\"margin_top\":\"\",\"meta\":\"Nuestra Ubicaci\u00f3n\",\"meta_align\":\"below-title\",\"meta_element\":\"div\",\"meta_margin\":\"small\",\"meta_style\":\"h4\",\"panel_padding\":\"large\",\"text_align\":\"left\",\"text_align_breakpoint\":\"s\",\"text_align_fallback\":\"center\",\"title\":\"Contacta con nosotros\",\"title_align\":\"top\",\"title_element\":\"h1\",\"title_grid_breakpoint\":\"m\",\"title_grid_width\":\"1-2\",\"title_hover_style\":\"reset\"}}]}]},{\"type\":\"row\",\"props\":{\"margin_bottom\":\"remove\",\"margin_top\":\"remove\"},\"children\":[{\"type\":\"column\",\"props\":{\"image_position\":\"center-center\",\"position_sticky_breakpoint\":\"m\",\"width_medium\":\"1-1\"},\"children\":[{\"type\":\"map\",\"props\":{\"container_padding_remove\":false,\"controls\":false,\"dragging\":false,\"height\":\"400\",\"image_svg_color\":\"emphasis\",\"link_style\":\"default\",\"link_text\":\"Saber m\u00e1s\",\"margin_bottom\":\"remove\",\"margin_top\":\"remove\",\"max_zoom\":18,\"meta_align\":\"below-title\",\"meta_element\":\"div\",\"meta_style\":\"text-meta\",\"min_zoom\":0,\"poi\":false,\"show_content\":true,\"show_image\":true,\"show_link\":true,\"show_meta\":true,\"show_title\":false,\"title_element\":\"h3\",\"title_hover_style\":\"reset\",\"type\":\"roadmap\",\"width_breakpoint\":false,\"zoom\":\"16\",\"zooming\":false},\"children\":[{\"type\":\"map_item\",\"props\":{\"location\":\"43.3911,-5.6608\",\"title\":\"Pe\u00f1a Alonso Inversiones S.L.\"}}]}]}]}],\"name\":\"Hero\"},{\"type\":\"section\",\"props\":{\"image_position\":\"center-center\",\"style\":\"secondary\",\"title_breakpoint\":\"xl\",\"title_position\":\"top-left\",\"title_rotation\":\"left\",\"vertical_align\":\"\",\"width\":\"default\"},\"children\":[{\"type\":\"row\",\"props\":{\"layout\":\"large,expand\"},\"children\":[{\"type\":\"column\",\"props\":{\"image_position\":\"center-center\",\"position_sticky_breakpoint\":\"m\",\"vertical_align\":\"middle\",\"width_medium\":\"auto\"},\"children\":[{\"type\":\"headline\",\"props\":{\"content\":\"\u00bfNecesitas una soluci\u00f3n log\u00edstica?\",\"image_align\":\"left\",\"image_margin\":\"xsmall\",\"title_element\":\"h2\",\"title_style\":\"h3\"}}]},{\"type\":\"column\",\"props\":{\"image_position\":\"center-center\",\"position_sticky_breakpoint\":\"m\",\"width_medium\":\"expand\"},\"children\":[{\"type\":\"text\",\"props\":{\"column_breakpoint\":\"m\",\"content\":\"Para consultas sobre alquiler de c\u00e1maras frigor\u00edficas o naves industriales, env\u00edanos un correo a <strong>painver.es<\/strong> o ll\u00e1manos directamente.\",\"margin_bottom\":\"default\",\"margin_top\":\"default\"}}]}]}],\"name\":\"Informaci\u00f3n adicional\"}],\"version\":\"5.0.29\"} --><\/p>\n","protected":false},"excerpt":{"rendered":"<p>Contacta con nosotros Nuestra Ubicaci\u00f3n Calle Villanueva, 15 33510 Pola de Siero, Asturias Abrir en Google Maps 43.3911,-5.6608 Pe\u00f1a Alonso Inversiones S.L. \u00bfNecesitas una soluci\u00f3n log\u00edstica? Para consultas sobre alquiler de c\u00e1maras frigor\u00edficas o naves industriales, env\u00edanos un correo a painver.es o ll\u00e1manos directamente.<\/p>\n","protected":false},"author":1,"featured_media":0,"parent":0,"menu_order":0,"comment_status":"closed","ping_status":"closed","template":"","meta":{"footnotes":""},"class_list":["post-86","page","type-page","status-publish","hentry"],"_links":{"self":[{"href":"https:\/\/painver.es\/index.php?rest_route=\/wp\/v2\/pages\/86","targetHints":{"allow":["GET"]}}],"collection":[{"href":"https:\/\/painver.es\/index.php?rest_route=\/wp\/v2\/pages"}],"about":[{"href":"https:\/\/painver.es\/index.php?rest_route=\/wp\/v2\/types\/page"}],"author":[{"embeddable":true,"href":"https:\/\/painver.es\/index.php?rest_route=\/wp\/v2\/users\/1"}],"replies":[{"embeddable":true,"href":"https:\/\/painver.es\/index.php?rest_route=%2Fwp%2Fv2%2Fcomments&post=86"}],"version-history":[{"count":2,"href":"https:\/\/painver.es\/index.php?rest_route=\/wp\/v2\/pages\/86\/revisions"}],"predecessor-version":[{"id":140,"href":"https:\/\/painver.es\/index.php?rest_route=\/wp\/v2\/pages\/86\/revisions\/140"}],"wp:attachment":[{"href":"https:\/\/painver.es\/index.php?rest_route=%2Fwp%2Fv2%2Fmedia&parent=86"}],"curies":[{"name":"wp","href":"https:\/\/api.w.org\/{rel}","templated":true}]}}