{"id":84,"date":"2026-04-21T15:23:20","date_gmt":"2026-04-21T13:23:20","guid":{"rendered":"http:\/\/painver.es\/?page_id=84"},"modified":"2026-04-21T17:41:59","modified_gmt":"2026-04-21T15:41:59","slug":"sobre-nosotros","status":"publish","type":"page","link":"https:\/\/painver.es\/?page_id=84","title":{"rendered":"Sobre nosotros"},"content":{"rendered":"<h1>Infraestructuras s\u00f3lidas para empresas en constante evoluci\u00f3n.<\/h1>\n<div>Ubicada estrat\u00e9gicamente en Siero, Asturias, Pe\u00f1a Alonso Inversiones S.L. naci\u00f3 con el firme prop\u00f3sito de profesionalizar la gesti\u00f3n de activos inmobiliarios industriales y log\u00edsticos. Nos especializamos en proporcionar espacios que no solo cumplen con los est\u00e1ndares t\u00e9cnicos, sino que impulsan la competitividad de nuestros clientes en el sector agroalimentario.<\/div>\n<div>Nuestra trayectoria est\u00e1 ligada al desarrollo industrial de la regi\u00f3n. Entendemos que sectores como el l\u00e1cteo requieren soluciones de almacenamiento espec\u00edficas, por lo que hemos dotado a nuestras instalaciones con tecnolog\u00eda de fr\u00edo y sistemas log\u00edsticos avanzados. No solo alquilamos naves o c\u00e1maras; ofrecemos el soporte estructural necesario para que la cadena de suministro de nuestros socios nunca se detenga. El compromiso, la transparencia y la visi\u00f3n a largo plazo definen cada una de nuestras inversiones patrimoniales.<\/div>\n<h2>Nuestra Especializaci\u00f3n<\/h2>\n<ul>\n<li>\n<p>        <img decoding=\"async\" src=\"\/wp-content\/uploads\/photo-1601599967100-f16100982063-scaled.jpg\" alt=\"\"><\/p>\n<h3>Log\u00edstica de Fr\u00edo<\/h3>\n<p>Tecnolog\u00eda de Conservaci\u00f3n<\/p>\n<div>Contamos con infraestructuras de refrigeraci\u00f3n de \u00faltima generaci\u00f3n dise\u00f1adas para la conservaci\u00f3n \u00f3ptima de productos perecederos.<\/div>\n<\/li>\n<li>\n<p>        <img decoding=\"async\" src=\"\/wp-content\/uploads\/photo-1572276462442-0226395133f3-scaled.jpg\" alt=\"\"><\/p>\n<h3>Gesti\u00f3n Patrimonial<\/h3>\n<p>Ubicaci\u00f3n Estrat\u00e9gica<\/p>\n<div>Gesti\u00f3n directa de naves industriales y locales comerciales con una ubicaci\u00f3n privilegiada en el eje industrial de Asturias.<\/div>\n<\/li>\n<\/ul>\n<p><!--more--><br \/>\n<!-- {\"type\":\"layout\",\"children\":[{\"name\":\"About\",\"type\":\"section\",\"props\":{\"image_position\":\"center-center\",\"image_size\":\"cover\",\"padding_bottom\":\"large\",\"padding_top\":\"large\",\"style\":\"default\",\"title_breakpoint\":\"xl\",\"title_position\":\"top-left\",\"title_rotation\":\"left\",\"vertical_align\":\"\",\"width\":\"default\"},\"children\":[{\"type\":\"row\",\"props\":{\"width\":\"small\"},\"children\":[{\"type\":\"column\",\"props\":{\"image_position\":\"center-center\",\"position_sticky_breakpoint\":\"m\",\"width_medium\":\"1-1\"},\"children\":[{\"type\":\"headline\",\"props\":{\"content\":\"Infraestructuras s\u00f3lidas para empresas en constante evoluci\u00f3n.\",\"image_align\":\"left\",\"image_margin\":\"xsmall\",\"margin_top\":\"large\",\"text_align\":\"center\",\"title_element\":\"h1\",\"title_style\":\"heading-medium\"}},{\"type\":\"divider\",\"props\":{\"block_align\":\"center\",\"divider_element\":\"div\",\"divider_style\":\"icon\",\"margin_bottom\":\"large\",\"margin_top\":\"large\",\"maxwidth\":\"large\"}}]}]},{\"type\":\"row\",\"props\":{\"margin_bottom\":\"xlarge\",\"margin_top\":\"xlarge\",\"width\":\"small\"},\"children\":[{\"type\":\"column\",\"props\":{\"image_position\":\"center-center\",\"position_sticky_breakpoint\":\"m\",\"width_medium\":\"1-1\"},\"children\":[{\"type\":\"text\",\"props\":{\"column_breakpoint\":\"m\",\"content\":\"Ubicada estrat\u00e9gicamente en Siero, Asturias, Pe\u00f1a Alonso Inversiones S.L. naci\u00f3 con el firme prop\u00f3sito de profesionalizar la gesti\u00f3n de activos inmobiliarios industriales y log\u00edsticos. Nos especializamos en proporcionar espacios que no solo cumplen con los est\u00e1ndares t\u00e9cnicos, sino que impulsan la competitividad de nuestros clientes en el sector agroalimentario.\",\"dropcap\":true,\"margin_bottom\":\"\",\"margin_top\":\"\",\"text_style\":\"lead\"}},{\"type\":\"text\",\"props\":{\"column_breakpoint\":\"m\",\"content\":\"Nuestra trayectoria est\u00e1 ligada al desarrollo industrial de la regi\u00f3n. Entendemos que sectores como el l\u00e1cteo requieren soluciones de almacenamiento espec\u00edficas, por lo que hemos dotado a nuestras instalaciones con tecnolog\u00eda de fr\u00edo y sistemas log\u00edsticos avanzados. No solo alquilamos naves o c\u00e1maras; ofrecemos el soporte estructural necesario para que la cadena de suministro de nuestros socios nunca se detenga. El compromiso, la transparencia y la visi\u00f3n a largo plazo definen cada una de nuestras inversiones patrimoniales.\",\"margin_bottom\":\"medium\",\"margin_top\":\"medium\"}}]}]}]},{\"name\":\"Valores\",\"type\":\"section\",\"props\":{\"image_position\":\"center-center\",\"image_size\":\"cover\",\"padding_bottom\":\"none\",\"padding_top\":\"none\",\"style\":\"default\",\"title_breakpoint\":\"xl\",\"title_position\":\"top-left\",\"title_rotation\":\"left\",\"vertical_align\":\"\",\"width\":\"default\"},\"children\":[{\"type\":\"row\",\"children\":[{\"type\":\"column\",\"props\":{\"image_position\":\"center-center\",\"position_sticky_breakpoint\":\"m\",\"width_medium\":\"1-1\"},\"children\":[{\"type\":\"headline\",\"props\":{\"content\":\"Nuestra Especializaci\u00f3n\",\"image_align\":\"left\",\"image_margin\":\"xsmall\",\"margin_bottom\":\"medium\",\"margin_top\":\"medium\",\"text_align\":\"center\",\"text_align_breakpoint\":\"s\",\"text_align_fallback\":\"left\",\"title_element\":\"h2\"}},{\"type\":\"grid\",\"props\":{\"content_column_breakpoint\":\"m\",\"filter_align\":\"left\",\"filter_all\":true,\"filter_grid_breakpoint\":\"m\",\"filter_grid_width\":\"auto\",\"filter_position\":\"top\",\"filter_style\":\"tab\",\"grid_default\":\"1\",\"grid_medium\":\"2\",\"grid_row_gap\":\"large\",\"image_align\":\"top\",\"image_grid_breakpoint\":\"m\",\"image_grid_width\":\"1-2\",\"image_height\":5000,\"image_svg_color\":\"emphasis\",\"image_width\":4000,\"item_animation\":true,\"lightbox_bg_close\":true,\"link_style\":\"default\",\"link_text\":\"Read more\",\"margin_bottom\":\"default\",\"margin_top\":\"default\",\"meta_align\":\"below-title\",\"meta_element\":\"div\",\"meta_style\":\"text-meta\",\"show_content\":true,\"show_hover_image\":true,\"show_hover_video\":true,\"show_image\":true,\"show_link\":true,\"show_meta\":true,\"show_title\":true,\"show_video\":true,\"title_align\":\"top\",\"title_element\":\"h3\",\"title_grid_breakpoint\":\"m\",\"title_grid_width\":\"1-2\",\"title_hover_style\":\"reset\"},\"children\":[{\"type\":\"grid_item\",\"props\":{\"content\":\"Contamos con infraestructuras de refrigeraci\u00f3n de \u00faltima generaci\u00f3n dise\u00f1adas para la conservaci\u00f3n \u00f3ptima de productos perecederos.\",\"image\":\"wp-content\/uploads\/photo-1601599967100-f16100982063-scaled.jpg\",\"meta\":\"Tecnolog\u00eda de Conservaci\u00f3n\",\"title\":\"Log\u00edstica de Fr\u00edo\"}},{\"type\":\"grid_item\",\"props\":{\"content\":\"Gesti\u00f3n directa de naves industriales y locales comerciales con una ubicaci\u00f3n privilegiada en el eje industrial de Asturias.\",\"image\":\"wp-content\/uploads\/photo-1572276462442-0226395133f3-scaled.jpg\",\"meta\":\"Ubicaci\u00f3n Estrat\u00e9gica\",\"title\":\"Gesti\u00f3n Patrimonial\"}}]}]}]}]}],\"version\":\"5.0.29\"} --><\/p>\n","protected":false},"excerpt":{"rendered":"<p>Infraestructuras s\u00f3lidas para empresas en constante evoluci\u00f3n. Ubicada estrat\u00e9gicamente en Siero, Asturias, Pe\u00f1a Alonso Inversiones S.L. naci\u00f3 con el firme prop\u00f3sito de profesionalizar la gesti\u00f3n de activos inmobiliarios industriales y log\u00edsticos. Nos especializamos en proporcionar espacios que no solo cumplen con los est\u00e1ndares t\u00e9cnicos, sino que impulsan la competitividad de nuestros clientes en el sector [&hellip;]<\/p>\n","protected":false},"author":1,"featured_media":0,"parent":0,"menu_order":0,"comment_status":"closed","ping_status":"closed","template":"","meta":{"footnotes":""},"class_list":["post-84","page","type-page","status-publish","hentry"],"_links":{"self":[{"href":"https:\/\/painver.es\/index.php?rest_route=\/wp\/v2\/pages\/84","targetHints":{"allow":["GET"]}}],"collection":[{"href":"https:\/\/painver.es\/index.php?rest_route=\/wp\/v2\/pages"}],"about":[{"href":"https:\/\/painver.es\/index.php?rest_route=\/wp\/v2\/types\/page"}],"author":[{"embeddable":true,"href":"https:\/\/painver.es\/index.php?rest_route=\/wp\/v2\/users\/1"}],"replies":[{"embeddable":true,"href":"https:\/\/painver.es\/index.php?rest_route=%2Fwp%2Fv2%2Fcomments&post=84"}],"version-history":[{"count":1,"href":"https:\/\/painver.es\/index.php?rest_route=\/wp\/v2\/pages\/84\/revisions"}],"predecessor-version":[{"id":138,"href":"https:\/\/painver.es\/index.php?rest_route=\/wp\/v2\/pages\/84\/revisions\/138"}],"wp:attachment":[{"href":"https:\/\/painver.es\/index.php?rest_route=%2Fwp%2Fv2%2Fmedia&parent=84"}],"curies":[{"name":"wp","href":"https:\/\/api.w.org\/{rel}","templated":true}]}}