{"id":8,"date":"2023-03-14T00:24:26","date_gmt":"2023-03-14T00:24:26","guid":{"rendered":"http:\/\/painver.es\/?page_id=8"},"modified":"2026-04-21T17:10:25","modified_gmt":"2026-04-21T15:10:25","slug":"aviso-legal","status":"publish","type":"page","link":"https:\/\/painver.es\/?page_id=8","title":{"rendered":"Aviso legal"},"content":{"rendered":"<p>En cumplimiento del art\u00edculo 10 de la Ley 34\/2002, de 11 de julio, de Servicios de la Sociedad de la Informaci\u00f3n y Comercio Electr\u00f3nico (LSSI-CE), se exponen los datos identificativos de la empresa:<\/p>\n<ul>\n<li><strong>Denominaci\u00f3n social:<\/strong> Pe\u00f1a Alonso Inversiones S.L.<\/li>\n<li><strong>CIF:<\/strong> B74463340<\/li>\n<li><strong>Domicilio social:<\/strong> Lugar Caser\u00edo Secada, 17, 33519 Siero, Asturias.<\/li>\n<li><strong>Actividad:<\/strong> Alquiler de bienes inmobiliarios, servicios de log\u00edstica y almacenamiento especializado.<\/li>\n<li><strong>Email de contacto:<\/strong> info@penaalonso.com<\/li>\n<\/ul>\n<h4>1. Usuarios<\/h4>\n<p>El acceso y\/o uso de este portal atribuye la condici\u00f3n de USUARIO, que acepta, desde dicho acceso y\/o uso, las Condiciones Generales de Uso aqu\u00ed reflejadas.<\/p>\n<h4>2. Uso del portal<\/h4>\n<p>La web proporciona el acceso a multitud de informaciones, servicios o datos en Internet pertenecientes a Pe\u00f1a Alonso Inversiones S.L. El USUARIO asume la responsabilidad del uso del portal.<\/p>\n<h4>3. Propiedad Intelectual e Industrial<\/h4>\n<p>Pe\u00f1a Alonso Inversiones S.L. es titular de todos los derechos de propiedad intelectual e industrial de su p\u00e1gina web, as\u00ed como de los elementos contenidos en la misma (im\u00e1genes, sonido, audio, v\u00eddeo, software o textos; marcas o logotipos, combinaci\u00f3n de colores, estructura y dise\u00f1o, etc.).<\/p>\n<h4>4. Exclusi\u00f3n de Garant\u00edas y Responsabilidad<\/h4>\n<p>Pe\u00f1a Alonso Inversiones S.L. no se hace responsable, en ning\u00fan caso, de los da\u00f1os y perjuicios de cualquier naturaleza que pudieran ocasionar, a t\u00edtulo enunciativo: errores u omisiones en los contenidos, falta de disponibilidad del portal o la transmisi\u00f3n de virus o programas maliciosos o lesivos en los contenidos, a pesar de haber adoptado todas las medidas tecnol\u00f3gicas necesarias para evitarlo.<\/p>\n","protected":false},"excerpt":{"rendered":"<p>En cumplimiento del art\u00edculo 10 de la Ley 34\/2002, de 11 de julio, de Servicios de la Sociedad de la Informaci\u00f3n y Comercio Electr\u00f3nico (LSSI-CE), se exponen los datos identificativos de la empresa: Denominaci\u00f3n social: Pe\u00f1a Alonso Inversiones S.L. CIF: B74463340 Domicilio social: Lugar Caser\u00edo Secada, 17, 33519 Siero, Asturias. Actividad: Alquiler de bienes inmobiliarios, [&hellip;]<\/p>\n","protected":false},"author":1,"featured_media":0,"parent":0,"menu_order":0,"comment_status":"closed","ping_status":"closed","template":"","meta":{"footnotes":""},"class_list":["post-8","page","type-page","status-publish","hentry"],"_links":{"self":[{"href":"https:\/\/painver.es\/index.php?rest_route=\/wp\/v2\/pages\/8","targetHints":{"allow":["GET"]}}],"collection":[{"href":"https:\/\/painver.es\/index.php?rest_route=\/wp\/v2\/pages"}],"about":[{"href":"https:\/\/painver.es\/index.php?rest_route=\/wp\/v2\/types\/page"}],"author":[{"embeddable":true,"href":"https:\/\/painver.es\/index.php?rest_route=\/wp\/v2\/users\/1"}],"replies":[{"embeddable":true,"href":"https:\/\/painver.es\/index.php?rest_route=%2Fwp%2Fv2%2Fcomments&post=8"}],"version-history":[{"count":0,"href":"https:\/\/painver.es\/index.php?rest_route=\/wp\/v2\/pages\/8\/revisions"}],"wp:attachment":[{"href":"https:\/\/painver.es\/index.php?rest_route=%2Fwp%2Fv2%2Fmedia&parent=8"}],"curies":[{"name":"wp","href":"https:\/\/api.w.org\/{rel}","templated":true}]}}