{"id":3,"date":"2023-03-13T23:58:50","date_gmt":"2023-03-13T23:58:50","guid":{"rendered":"http:\/\/painver.es\/?page_id=3"},"modified":"2026-04-21T17:11:16","modified_gmt":"2026-04-21T15:11:16","slug":"politica-privacidad","status":"publish","type":"page","link":"https:\/\/painver.es\/?page_id=3","title":{"rendered":"Pol\u00edtica de privacidad"},"content":{"rendered":"<p><strong>Responsable del Tratamiento:<\/strong> Pe\u00f1a Alonso Inversiones S.L.<br \/>\n<strong>Direcci\u00f3n:<\/strong> Lugar Caser\u00edo Secada, 17, 33519 Siero, Asturias.<br \/>\n<strong>Finalidad:<\/strong> Gesti\u00f3n de consultas, clientes, servicios inmobiliarios y servicios de log\u00edstica\/almacenamiento.<\/p>\n<h4>1. Informaci\u00f3n al usuario<\/h4>\n<p>Pe\u00f1a Alonso Inversiones S.L., de conformidad con el Reglamento (UE) 2016\/679 (RGPD) y la Ley Org\u00e1nica 3\/2018 (LOPDGDD), informa que los datos personales facilitados ser\u00e1n incorporados a nuestros sistemas de tratamiento.<\/p>\n<h4>2. Finalidad del tratamiento<\/h4>\n<p>Tratamos sus datos para las siguientes finalidades:<\/p>\n<ul>\n<li>Atender consultas realizadas a trav\u00e9s de los formularios de contacto web.<\/li>\n<li>Gestionar la relaci\u00f3n contractual de nuestros servicios de alquiler de inmuebles, c\u00e1maras y soluciones log\u00edsticas.<\/li>\n<li>Gesti\u00f3n administrativa, facturaci\u00f3n y cumplimiento de obligaciones legales derivadas de la actividad comercial.<\/li>\n<li>Env\u00edo de comunicaciones comerciales relacionadas con nuestra actividad profesional (siempre que exista consentimiento previo).<\/li>\n<\/ul>\n<h4>3. Legitimaci\u00f3n<\/h4>\n<p>El tratamiento de sus datos se basa en el consentimiento del interesado y, en su caso, en la ejecuci\u00f3n de un contrato de prestaci\u00f3n de servicios o arrendamiento.<\/p>\n<h4>4. Conservaci\u00f3n de los datos<\/h4>\n<p>Se conservar\u00e1n durante no m\u00e1s tiempo del necesario para mantener el fin del tratamiento o mientras existan prescripciones legales que dicten su custodia (como plazos fiscales o mercantiles).<\/p>\n<h4>5. Derechos del usuario<\/h4>\n<p>Usted puede ejercer sus derechos de:<\/p>\n<ul>\n<li>Acceso, rectificaci\u00f3n y supresi\u00f3n de sus datos.<\/li>\n<li>Limitaci\u00f3n u oposici\u00f3n a su tratamiento.<\/li>\n<li>Portabilidad de los datos.<\/li>\n<\/ul>\n<p>Para ello, puede enviar una comunicaci\u00f3n por escrito al domicilio social en Caser\u00edo Secada (Siero) o al correo electr\u00f3nico indicado en el aviso legal, adjuntando copia de su DNI.<\/p>\n","protected":false},"excerpt":{"rendered":"<p>Responsable del Tratamiento: Pe\u00f1a Alonso Inversiones S.L. Direcci\u00f3n: Lugar Caser\u00edo Secada, 17, 33519 Siero, Asturias. Finalidad: Gesti\u00f3n de consultas, clientes, servicios inmobiliarios y servicios de log\u00edstica\/almacenamiento. 1. Informaci\u00f3n al usuario Pe\u00f1a Alonso Inversiones S.L., de conformidad con el Reglamento (UE) 2016\/679 (RGPD) y la Ley Org\u00e1nica 3\/2018 (LOPDGDD), informa que los datos personales facilitados ser\u00e1n [&hellip;]<\/p>\n","protected":false},"author":1,"featured_media":0,"parent":0,"menu_order":0,"comment_status":"closed","ping_status":"closed","template":"","meta":{"footnotes":""},"class_list":["post-3","page","type-page","status-publish","hentry"],"_links":{"self":[{"href":"https:\/\/painver.es\/index.php?rest_route=\/wp\/v2\/pages\/3","targetHints":{"allow":["GET"]}}],"collection":[{"href":"https:\/\/painver.es\/index.php?rest_route=\/wp\/v2\/pages"}],"about":[{"href":"https:\/\/painver.es\/index.php?rest_route=\/wp\/v2\/types\/page"}],"author":[{"embeddable":true,"href":"https:\/\/painver.es\/index.php?rest_route=\/wp\/v2\/users\/1"}],"replies":[{"embeddable":true,"href":"https:\/\/painver.es\/index.php?rest_route=%2Fwp%2Fv2%2Fcomments&post=3"}],"version-history":[{"count":0,"href":"https:\/\/painver.es\/index.php?rest_route=\/wp\/v2\/pages\/3\/revisions"}],"wp:attachment":[{"href":"https:\/\/painver.es\/index.php?rest_route=%2Fwp%2Fv2%2Fmedia&parent=3"}],"curies":[{"name":"wp","href":"https:\/\/api.w.org\/{rel}","templated":true}]}}